{"id":10442,"date":"2025-05-05T09:43:59","date_gmt":"2025-05-05T08:43:59","guid":{"rendered":"http:\/\/readunit.test\/?page_id=10442"},"modified":"2025-05-12T10:21:49","modified_gmt":"2025-05-12T09:21:49","slug":"om-readunit-softwareudviklingsvirksomhed","status":"publish","type":"page","link":"https:\/\/readunit.com\/da\/om-readunit-softwareudviklingsvirksomhed\/","title":{"rendered":"About us"},"content":{"rendered":"<p>[et_pb_section fb_built=&#8221;1&#8243; custom_padding_last_edited=&#8221;on|desktop&#8221; module_class=&#8221;banner-height-section&#8221; _builder_version=&#8221;4.21.0&#8243; background_image=&#8221;https:\/\/readunit.com\/wp-content\/uploads\/2023\/04\/about_bg.jpg&#8221; background_position=&#8221;bottom_center&#8221; custom_padding=&#8221;120px||161px||false|false&#8221; custom_padding_tablet=&#8221;90px||90px|&#8221; custom_padding_phone=&#8221;&#8221; global_colors_info=&#8221;{}&#8221;][et_pb_row _builder_version=&#8221;4.21.0&#8243; background_size=&#8221;initial&#8221; background_position=&#8221;top_left&#8221; background_repeat=&#8221;repeat&#8221; custom_padding=&#8221;120px||||false|false&#8221; global_colors_info=&#8221;{}&#8221;][et_pb_column type=&#8221;4_4&#8243; _builder_version=&#8221;4.16&#8243; custom_padding=&#8221;|||&#8221; global_colors_info=&#8221;{}&#8221; custom_padding__hover=&#8221;|||&#8221;][et_pb_text admin_label=&#8221;Header&#8221; _builder_version=&#8221;4.21.0&#8243; text_font=&#8221;Roboto Condensed|300|||||||&#8221; text_text_color=&#8221;rgba(213,218,222,0.46)&#8221; text_font_size=&#8221;17px&#8221; text_line_height=&#8221;2em&#8221; header_font=&#8221;|300|||||||&#8221; header_font_size=&#8221;40px&#8221; header_line_height=&#8221;1.4em&#8221; header_2_font_size=&#8221;30px&#8221; background_position=&#8221;bottom_center&#8221; text_orientation=&#8221;center&#8221; background_layout=&#8221;dark&#8221; max_width=&#8221;90%&#8221; max_width_tablet=&#8221;&#8221; max_width_phone=&#8221;100%&#8221; max_width_last_edited=&#8221;on|phone&#8221; module_alignment=&#8221;center&#8221; text_font_size_tablet=&#8221;&#8221; text_font_size_phone=&#8221;&#8221; text_font_size_last_edited=&#8221;on|desktop&#8221; header_font_size_tablet=&#8221;30px&#8221; header_font_size_phone=&#8221;&#8221; header_font_size_last_edited=&#8221;on|desktop&#8221; global_colors_info=&#8221;{}&#8221;]<\/p>\n<h1>OM READ<strong>UNIT<\/strong><\/h1>\n<p>[\/et_pb_text][et_pb_text admin_label=&#8221;Header&#8221; _builder_version=&#8221;4.23.4&#8243; text_font=&#8221;|300|||||||&#8221; text_text_color=&#8221;rgba(255,255,255,0.46)&#8221; text_font_size=&#8221;28px&#8221; text_line_height=&#8221;1.3em&#8221; header_font=&#8221;|300|||||||&#8221; header_font_size=&#8221;34px&#8221; header_line_height=&#8221;1.2em&#8221; header_2_font=&#8221;|300|||||||&#8221; header_2_font_size=&#8221;32px&#8221; background_position=&#8221;bottom_center&#8221; text_orientation=&#8221;center&#8221; background_layout=&#8221;dark&#8221; max_width_tablet=&#8221;&#8221; max_width_phone=&#8221;&#8221; max_width_last_edited=&#8221;on|desktop&#8221; module_alignment=&#8221;center&#8221; text_font_size_tablet=&#8221;&#8221; text_font_size_phone=&#8221;&#8221; text_font_size_last_edited=&#8221;on|desktop&#8221; header_font_size_tablet=&#8221;30px&#8221; header_font_size_phone=&#8221;&#8221; header_font_size_last_edited=&#8221;on|desktop&#8221; global_colors_info=&#8221;{}&#8221;]<\/p>\n<div class=\"style-bar style-bar-centered\"><\/div>\n<h2><\/h2>\n<h2>Hold styr p\u00e5 alt fra gaffeltrucks til boremaskiner<\/h2>\n<p><\/p>\n<h2><strong><span style=\"color: #ffb900;\">Fleksibelt og brugervenligt system<\/span><\/strong><\/h2>\n<p>[\/et_pb_text][\/et_pb_column][\/et_pb_row][\/et_pb_section][et_pb_section fb_built=&#8221;1&#8243; _builder_version=&#8221;4.27.0&#8243; background_color=&#8221;#f0f0f0&#8243; background_image=&#8221;https:\/\/readunit.com\/wp-content\/uploads\/2024\/12\/right_obj_02.png&#8221; background_size=&#8221;initial&#8221; background_position=&#8221;bottom_right&#8221; background_horizontal_offset=&#8221;-7%&#8221; custom_padding=&#8221;51px|0px|60px|0px|false|false&#8221; global_colors_info=&#8221;{}&#8221;][et_pb_row _builder_version=&#8221;4.16&#8243; background_size=&#8221;initial&#8221; background_position=&#8221;top_left&#8221; background_repeat=&#8221;repeat&#8221; custom_padding=&#8221;19px||11px|||&#8221; global_colors_info=&#8221;{}&#8221;][et_pb_column type=&#8221;4_4&#8243; _builder_version=&#8221;4.16&#8243; custom_padding=&#8221;|||&#8221; global_colors_info=&#8221;{}&#8221; custom_padding__hover=&#8221;|||&#8221;][et_pb_text admin_label=&#8221;Indhold_Tekst afsnit 1&#8243; _builder_version=&#8221;4.25.0&#8243; text_font=&#8221;|300|||||||&#8221; text_font_size=&#8221;16px&#8221; text_line_height=&#8221;1.5em&#8221; header_font=&#8221;|300|||||||&#8221; header_font_size=&#8221;40px&#8221; header_2_font=&#8221;|300|||||||&#8221; header_2_text_color=&#8221;#f05c6c&#8221; header_2_font_size=&#8221;40px&#8221; header_2_line_height=&#8221;1.2em&#8221; header_3_font=&#8221;Roboto Condensed|300|||||||&#8221; header_3_text_color=&#8221;rgba(0,0,0,0.8)&#8221; header_3_font_size=&#8221;28px&#8221; header_3_line_height=&#8221;1.7em&#8221; header_4_font=&#8221;|600|||||||&#8221; header_4_text_color=&#8221;#30424b&#8221; header_4_font_size=&#8221;15px&#8221; text_orientation=&#8221;justified&#8221; custom_margin=&#8221;-17px||||false|false&#8221; custom_padding=&#8221;25px||25px|&#8221; header_font_size_tablet=&#8221;30px&#8221; header_font_size_phone=&#8221;&#8221; header_font_size_last_edited=&#8221;on|desktop&#8221; header_2_font_size_tablet=&#8221;30px&#8221; header_2_font_size_phone=&#8221;8px&#8221; header_2_font_size_last_edited=&#8221;on|desktop&#8221; header_3_font_size_tablet=&#8221;&#8221; header_3_font_size_phone=&#8221;20px&#8221; header_3_font_size_last_edited=&#8221;on|desktop&#8221; header_4_font_size_tablet=&#8221;&#8221; header_4_font_size_phone=&#8221;&#8221; header_4_font_size_last_edited=&#8221;on|desktop&#8221; inline_fonts=&#8221;Nunito Sans&#8221; global_colors_info=&#8221;{}&#8221;]<\/p>\n<p style=\"text-align: left;\"><font-weight: 600=\"\"><span style=\"font-size: xx-large;\"><strong><span style=\"color: #000000; font-family: 'Nunito Sans';\">Vi er passionerede, og det burde manifestere sig<\/span><\/strong><\/span><\/font-weight:><\/p>\n<p style=\"text-align: left;\">\n<p style=\"text-align: left;\"><span style=\"color: #000000; font-family: 'Nunito Sans'; font-weight: normal; font-size: medium;\">Readunit er en software udviklingsvirksomhed inden for vedligeholdelse, lovpligtige eftersyn og facilitete<\/span><\/p>\n<p style=\"text-align: left;\">\n<p style=\"text-align: left;\"><span style=\"color: #000000; font-family: 'Nunito Sans'; font-weight: normal; font-size: medium;\">Rene S\u00f8ndergaard og Torben Kofoed er ejerne af virksomheden. Rene er ansvarlig for udvikling og Torben er ansvarlig for den kommercielle del. B\u00e5de Rene og Torben har en h\u00e5ndv\u00e6rksm\u00e6ssig baggrund som el-installat\u00f8rer. De har ogs\u00e5 mange \u00e5rs erfaring med h\u00e5ndtering af v\u00e6rkt\u00f8j og maskiner.<\/span><\/p>\n<p style=\"text-align: left;\">\n<p style=\"text-align: left;\"><span style=\"color: #000000; font-family: 'Nunito Sans'; font-weight: normal; font-size: medium;\">Helt fra starten var m\u00e5let med systemet, at det skulle v\u00e6re det mest intuitive og brugervenlige system p\u00e5 markedet. Inden vi begyndte, havde vi m\u00e5neder tidligere t\u00e6nkt over struktur, drift og design af vores fremtidige system. Bagefter unders\u00f8gte vi markedet for egnede programm\u00f8rer og har siden begyndelsen haft det samme kompetente team med en universitetsbaggrund inden for programmering.<\/span><\/p>\n<p style=\"text-align: left;\">\n<p style=\"text-align: left;\"><span style=\"color: #000000; font-family: 'Nunito Sans'; font-weight: normal; font-size: medium;\">Under udviklingen af produktet har vi l\u00f8bende involveret forskellige fagfolk fra vind- og offshore og industrien for at teste vores id\u00e9er. Vi endte med det, vi \u00f8nskede: det mest visuelle og intuitive system p\u00e5 markedet.<\/span><\/p>\n<p style=\"text-align: left;\">\n<p style=\"text-align: left;\"><span style=\"color: #000000; font-family: 'Nunito Sans'; font-weight: normal; font-size: medium;\"><strong>Vores website er suppleret med apps til b\u00e5de IOS og android, hvilket g\u00f8r det nemmere at arbejde med test, udl\u00e5n og vedligeholdelse.<\/strong><\/span><\/p>\n<p>[\/et_pb_text][\/et_pb_column][\/et_pb_row][\/et_pb_section][et_pb_section fb_built=&#8221;1&#8243; _builder_version=&#8221;4.16&#8243; custom_padding=&#8221;140px|0px|50px|0px|false|false&#8221; global_colors_info=&#8221;{}&#8221;][et_pb_row column_structure=&#8221;1_4,1_4,1_4,1_4&#8243; _builder_version=&#8221;4.16&#8243; custom_padding=&#8221;10px|0px|0px|0px|false|false&#8221; global_colors_info=&#8221;{}&#8221;][et_pb_column type=&#8221;1_4&#8243; _builder_version=&#8221;4.16&#8243; custom_padding=&#8221;|||&#8221; global_colors_info=&#8221;{}&#8221; custom_padding__hover=&#8221;|||&#8221;][et_pb_circle_counter title=&#8221;Programmerings linjer&#8221; number=&#8221;7608821&#8243; percent_sign=&#8221;off&#8221; circle_color_alpha=&#8221;1&#8243; _builder_version=&#8221;4.27.0&#8243; title_font=&#8221;||||||||&#8221; number_font=&#8221;|700|||||||&#8221; global_colors_info=&#8221;{}&#8221;][\/et_pb_circle_counter][\/et_pb_column][et_pb_column type=&#8221;1_4&#8243; _builder_version=&#8221;4.16&#8243; custom_padding=&#8221;|||&#8221; global_colors_info=&#8221;{}&#8221; custom_padding__hover=&#8221;|||&#8221;][et_pb_circle_counter title=&#8221;Antal brugere i Readunit&#8221; number=&#8221;14342&#8243; percent_sign=&#8221;off&#8221; circle_color_alpha=&#8221;1&#8243; _builder_version=&#8221;4.27.0&#8243; title_font=&#8221;||||||||&#8221; number_font=&#8221;|700|||||||&#8221; global_colors_info=&#8221;{}&#8221;][\/et_pb_circle_counter][\/et_pb_column][et_pb_column type=&#8221;1_4&#8243; _builder_version=&#8221;4.16&#8243; custom_padding=&#8221;|||&#8221; global_colors_info=&#8221;{}&#8221; custom_padding__hover=&#8221;|||&#8221;][et_pb_circle_counter title=&#8221;iOS app installeret&#8221; number=&#8221;10115&#8243; percent_sign=&#8221;off&#8221; _builder_version=&#8221;4.27.0&#8243; title_font=&#8221;||||||||&#8221; number_font=&#8221;|700|||||||&#8221; global_colors_info=&#8221;{}&#8221;][\/et_pb_circle_counter][\/et_pb_column][et_pb_column type=&#8221;1_4&#8243; _builder_version=&#8221;4.16&#8243; custom_padding=&#8221;|||&#8221; global_colors_info=&#8221;{}&#8221; custom_padding__hover=&#8221;|||&#8221;][et_pb_circle_counter title=&#8221;Android app installeret&#8221; number=&#8221;1845&#8243; percent_sign=&#8221;off&#8221; circle_color=&#8221;#FFFFFF&#8221; circle_color_alpha=&#8221;0.35&#8243; _builder_version=&#8221;4.21.0&#8243; number_font=&#8221;|700|||||||&#8221; global_colors_info=&#8221;{}&#8221;][\/et_pb_circle_counter][\/et_pb_column][\/et_pb_row][\/et_pb_section][et_pb_section fb_built=&#8221;1&#8243; _builder_version=&#8221;4.25.0&#8243; background_enable_image=&#8221;off&#8221; background_size=&#8221;initial&#8221; background_position=&#8221;top_center&#8221; custom_margin=&#8221;-54px|||||&#8221; custom_margin_tablet=&#8221;&#8221; custom_margin_phone=&#8221;&#8221; custom_margin_last_edited=&#8221;on|tablet&#8221; custom_padding=&#8221;19px|0px|10px|0px|false|false&#8221; global_colors_info=&#8221;{}&#8221;][et_pb_row _builder_version=&#8221;4.16&#8243; background_size=&#8221;initial&#8221; background_position=&#8221;top_left&#8221; background_repeat=&#8221;repeat&#8221; custom_margin=&#8221;|auto|-39px|auto||&#8221; custom_padding=&#8221;159px|||||&#8221; global_colors_info=&#8221;{}&#8221;][et_pb_column type=&#8221;4_4&#8243; _builder_version=&#8221;4.16&#8243; custom_padding=&#8221;|||&#8221; global_colors_info=&#8221;{}&#8221; custom_padding__hover=&#8221;|||&#8221;][et_pb_image src=&#8221;https:\/\/readunit.com\/wp-content\/uploads\/2024\/07\/readunit_app_about.png&#8221; alt=&#8221;Readunit tool inspection software shown on a mobile phone&#8221; title_text=&#8221;readunit_app_about&#8221; align_tablet=&#8221;center&#8221; align_phone=&#8221;center&#8221; align_last_edited=&#8221;on|desktop&#8221; _builder_version=&#8221;4.25.0&#8243; global_colors_info=&#8221;{}&#8221;][\/et_pb_image][\/et_pb_column][\/et_pb_row][\/et_pb_section][et_pb_section fb_built=&#8221;1&#8243; _builder_version=&#8221;4.25.0&#8243; background_color=&#8221;#f5f5f5&#8243; custom_margin=&#8221;0px|||&#8221; custom_margin_tablet=&#8221;&#8221; custom_margin_phone=&#8221;&#8221; custom_margin_last_edited=&#8221;on|tablet&#8221; custom_padding=&#8221;34px|0px|83px|0px|false|false&#8221; global_colors_info=&#8221;{}&#8221;][et_pb_row column_structure=&#8221;1_2,1_2&#8243; _builder_version=&#8221;4.16&#8243; background_size=&#8221;initial&#8221; background_position=&#8221;top_left&#8221; background_repeat=&#8221;repeat&#8221; global_colors_info=&#8221;{}&#8221;][et_pb_column type=&#8221;1_2&#8243; _builder_version=&#8221;4.16&#8243; custom_padding=&#8221;|||&#8221; global_colors_info=&#8221;{}&#8221; custom_padding__hover=&#8221;|||&#8221;][et_pb_text admin_label=&#8221;Indhold_Tekst afsnit 1&#8243; _builder_version=&#8221;4.16&#8243; text_font=&#8221;|300|||||||&#8221; text_font_size=&#8221;16px&#8221; text_line_height=&#8221;1.5em&#8221; header_font=&#8221;|300|||||||&#8221; header_font_size=&#8221;40px&#8221; header_2_font=&#8221;|300|||||||&#8221; header_2_text_color=&#8221;#f05c6c&#8221; header_2_font_size=&#8221;40px&#8221; header_2_line_height=&#8221;1.2em&#8221; header_3_font=&#8221;Roboto Condensed|300|||||||&#8221; header_3_text_color=&#8221;rgba(0,0,0,0.8)&#8221; header_3_font_size=&#8221;28px&#8221; header_3_line_height=&#8221;1.7em&#8221; header_4_font=&#8221;|600|||||||&#8221; header_4_text_color=&#8221;#30424b&#8221; header_4_font_size=&#8221;15px&#8221; text_orientation=&#8221;justified&#8221; custom_padding=&#8221;25px||25px|&#8221; header_font_size_tablet=&#8221;30px&#8221; header_font_size_phone=&#8221;&#8221; header_font_size_last_edited=&#8221;on|desktop&#8221; header_2_font_size_tablet=&#8221;30px&#8221; header_2_font_size_phone=&#8221;8px&#8221; header_2_font_size_last_edited=&#8221;on|desktop&#8221; header_3_font_size_tablet=&#8221;&#8221; header_3_font_size_phone=&#8221;20px&#8221; header_3_font_size_last_edited=&#8221;on|desktop&#8221; header_4_font_size_tablet=&#8221;&#8221; header_4_font_size_phone=&#8221;&#8221; header_4_font_size_last_edited=&#8221;on|desktop&#8221; inline_fonts=&#8221;Nunito Sans&#8221; global_colors_info=&#8221;{}&#8221;]<\/p>\n<p><span style=\"font-size: xx-large; font-family: 'Nunito Sans'; font-weight: normal; color: #000000;\">Vi <strong>g\u00f8r det simpelt<\/strong><\/span><\/p>\n<p><\/p>\n<p style=\"text-align: left;\"><span style=\"font-family: 'Nunito Sans'; font-weight: normal; font-size: medium; color: #000000;\">Readunit kan tilpasses din virksomheds specifikke behov uanset din virksomhedsst\u00f8rrelse. Vores kunder varierer i brancher og st\u00f8rrelser og sp\u00e6nder fra sm\u00e5 tilret store virksomheder.<\/span><\/p>\n<p><\/p>\n<p><span style=\"font-family: 'Nunito Sans'; font-weight: normal; font-size: medium; color: #000000;\"><a class=\"stv\" href=\"http:\/\/www.i2symbol.com\/symbols\/check\/x2714-heavy-check-mark-symbol-check-symbol-smiley-face\" style=\"color: #000000;\"><span style=\"color: #18a000;\">\u2714<\/span><\/a>\u00a0<strong>Scan dit udstyr hvor som helst, og se om det er sikkert at bruge.<\/strong><\/span><\/p>\n<p><\/p>\n<p><span style=\"font-family: 'Nunito Sans'; font-weight: normal; font-size: medium; color: #000000;\"><a class=\"stv\" style=\"color: #000000;\" href=\"http:\/\/www.i2symbol.com\/symbols\/check\/x2714-heavy-check-mark-symbol-check-symbol-smiley-face\"><span style=\"color: #18a000;\">\u2714<\/span>\u00a0<\/a><strong>Modtag e-mails fra systemet, indeholdene klare instruktioner.<\/strong><\/span><\/p>\n<p><\/p>\n<p style=\"text-align: left;\"><span style=\"font-family: 'Nunito Sans'; font-weight: normal; font-size: medium; color: #000000;\">N\u00e5r du har fulgt foruddefinerede testpunkter og implementeret disse tests, beh\u00f8ver du ikke t\u00e6nke p\u00e5 den efterf\u00f8lgende dokumentation. Systemet klarer det for dig.<\/span><\/p>\n<p><\/p>\n<p><span style=\"font-family: 'Nunito Sans'; font-weight: normal; font-size: medium; color: #000000;\">Forestil dig ogs\u00e5 et system, hvor der altid er 100% visuelt overblik over sikkerhedsdata p\u00e5 ALT udstyr og ALLE medarbejdere, og hvor udstyr kan flyttes mellem medarbejdere med et par museklik.<\/span><\/p>\n<p><\/p>\n<p><span style=\"font-family: 'Nunito Sans'; font-weight: normal; font-size: medium; color: #000000;\"><strong>Ovenst\u00e5ende er hvad du f\u00e5r med Readunit, plus meget, meget mere.<\/strong><\/span><\/p>\n<p>[\/et_pb_text][\/et_pb_column][et_pb_column type=&#8221;1_2&#8243; _builder_version=&#8221;4.16&#8243; custom_padding=&#8221;|||&#8221; global_colors_info=&#8221;{}&#8221; custom_padding__hover=&#8221;|||&#8221;][et_pb_image src=&#8221;https:\/\/readunit.com\/wp-content\/uploads\/2023\/09\/baby_tablet.png&#8221; alt=&#8221;Boy looking at Readunit inspection software on a tablet&#8221; title_text=&#8221;baby_tablet&#8221; align_tablet=&#8221;center&#8221; align_phone=&#8221;center&#8221; align_last_edited=&#8221;on|desktop&#8221; _builder_version=&#8221;4.21.0&#8243; custom_margin=&#8221;40px|||&#8221; mix_blend_mode=&#8221;multiply&#8221; global_colors_info=&#8221;{}&#8221;][\/et_pb_image][\/et_pb_column][\/et_pb_row][\/et_pb_section]<\/p>\n","protected":false},"excerpt":{"rendered":"<p>OM READUNITHold styr p\u00e5 alt fra gaffeltrucks til boremaskinerFleksibelt og brugervenligt systemVi er passionerede, og det burde manifestere sigReadunit er en software udviklingsvirksomhed inden for vedligeholdelse, lovpligtige eftersyn og faciliteteRene S\u00f8ndergaard og Torben Kofoed er ejerne af virksomheden. Rene er ansvarlig for udvikling og Torben er ansvarlig for den kommercielle del. B\u00e5de Rene og Torben [&hellip;]<\/p>\n","protected":false},"author":7,"featured_media":0,"parent":0,"menu_order":0,"comment_status":"closed","ping_status":"closed","template":"","meta":{"_acf_changed":false,"_et_pb_use_builder":"on","_et_pb_old_content":"","_et_gb_content_width":"","inline_featured_image":false,"footnotes":""},"class_list":["post-10442","page","type-page","status-publish","hentry"],"acf":[],"yoast_head":"<!-- This site is optimized with the Yoast SEO plugin v26.0 - https:\/\/yoast.com\/wordpress\/plugins\/seo\/ -->\n<title>Om Readunit<\/title>\n<meta name=\"description\" content=\"Readunit er en softwareudviklingsvirksomhed indenfor vedligeholdelse, lovpligtige eftersyn mm.\" \/>\n<meta name=\"robots\" content=\"index, follow, max-snippet:-1, max-image-preview:large, max-video-preview:-1\" \/>\n<link rel=\"canonical\" href=\"https:\/\/readunit.com\/da\/om-readunit-softwareudviklingsvirksomhed\/\" \/>\n<meta property=\"og:locale\" content=\"da_DK\" \/>\n<meta property=\"og:type\" content=\"article\" \/>\n<meta property=\"og:title\" content=\"Om Readunit\" \/>\n<meta property=\"og:description\" content=\"Readunit er en softwareudviklingsvirksomhed indenfor vedligeholdelse, lovpligtige eftersyn mm.\" \/>\n<meta property=\"og:url\" content=\"https:\/\/readunit.com\/da\/om-readunit-softwareudviklingsvirksomhed\/\" \/>\n<meta property=\"og:site_name\" content=\"Readunit\" \/>\n<meta property=\"article:modified_time\" content=\"2025-05-12T09:21:49+00:00\" \/>\n<meta name=\"twitter:card\" content=\"summary_large_image\" \/>\n<meta name=\"twitter:label1\" content=\"Estimeret l\u00e6setid\" \/>\n\t<meta name=\"twitter:data1\" content=\"2 minutter\" \/>\n<script type=\"application\/ld+json\" class=\"yoast-schema-graph\">{\"@context\":\"https:\/\/schema.org\",\"@graph\":[{\"@type\":\"WebPage\",\"@id\":\"https:\/\/readunit.com\/da\/om-readunit-softwareudviklingsvirksomhed\/\",\"url\":\"https:\/\/readunit.com\/da\/om-readunit-softwareudviklingsvirksomhed\/\",\"name\":\"Om Readunit\",\"isPartOf\":{\"@id\":\"https:\/\/readunit.com\/da\/#website\"},\"datePublished\":\"2025-05-05T08:43:59+00:00\",\"dateModified\":\"2025-05-12T09:21:49+00:00\",\"description\":\"Readunit er en softwareudviklingsvirksomhed indenfor vedligeholdelse, lovpligtige eftersyn mm.\",\"breadcrumb\":{\"@id\":\"https:\/\/readunit.com\/da\/om-readunit-softwareudviklingsvirksomhed\/#breadcrumb\"},\"inLanguage\":\"da-DK\",\"potentialAction\":[{\"@type\":\"ReadAction\",\"target\":[\"https:\/\/readunit.com\/da\/om-readunit-softwareudviklingsvirksomhed\/\"]}]},{\"@type\":\"BreadcrumbList\",\"@id\":\"https:\/\/readunit.com\/da\/om-readunit-softwareudviklingsvirksomhed\/#breadcrumb\",\"itemListElement\":[{\"@type\":\"ListItem\",\"position\":1,\"name\":\"Home\",\"item\":\"https:\/\/readunit.com\/da\/\"},{\"@type\":\"ListItem\",\"position\":2,\"name\":\"About us\"}]},{\"@type\":\"WebSite\",\"@id\":\"https:\/\/readunit.com\/da\/#website\",\"url\":\"https:\/\/readunit.com\/da\/\",\"name\":\"Readunit\",\"description\":\"Tool management and inspection\",\"publisher\":{\"@id\":\"https:\/\/readunit.com\/da\/#organization\"},\"potentialAction\":[{\"@type\":\"SearchAction\",\"target\":{\"@type\":\"EntryPoint\",\"urlTemplate\":\"https:\/\/readunit.com\/da\/?s={search_term_string}\"},\"query-input\":{\"@type\":\"PropertyValueSpecification\",\"valueRequired\":true,\"valueName\":\"search_term_string\"}}],\"inLanguage\":\"da-DK\"},{\"@type\":\"Organization\",\"@id\":\"https:\/\/readunit.com\/da\/#organization\",\"name\":\"Readunit\",\"url\":\"https:\/\/readunit.com\/da\/\",\"logo\":{\"@type\":\"ImageObject\",\"inLanguage\":\"da-DK\",\"@id\":\"https:\/\/readunit.com\/da\/#\/schema\/logo\/image\/\",\"url\":\"https:\/\/readunit.com\/wp-content\/uploads\/2021\/05\/readunit_logo_header_fv.png\",\"contentUrl\":\"https:\/\/readunit.com\/wp-content\/uploads\/2021\/05\/readunit_logo_header_fv.png\",\"width\":132,\"height\":26,\"caption\":\"Readunit\"},\"image\":{\"@id\":\"https:\/\/readunit.com\/da\/#\/schema\/logo\/image\/\"}}]}<\/script>\n<!-- \/ Yoast SEO plugin. -->","yoast_head_json":{"title":"Om Readunit","description":"Readunit er en softwareudviklingsvirksomhed indenfor vedligeholdelse, lovpligtige eftersyn mm.","robots":{"index":"index","follow":"follow","max-snippet":"max-snippet:-1","max-image-preview":"max-image-preview:large","max-video-preview":"max-video-preview:-1"},"canonical":"https:\/\/readunit.com\/da\/om-readunit-softwareudviklingsvirksomhed\/","og_locale":"da_DK","og_type":"article","og_title":"Om Readunit","og_description":"Readunit er en softwareudviklingsvirksomhed indenfor vedligeholdelse, lovpligtige eftersyn mm.","og_url":"https:\/\/readunit.com\/da\/om-readunit-softwareudviklingsvirksomhed\/","og_site_name":"Readunit","article_modified_time":"2025-05-12T09:21:49+00:00","twitter_card":"summary_large_image","twitter_misc":{"Estimeret l\u00e6setid":"2 minutter"},"schema":{"@context":"https:\/\/schema.org","@graph":[{"@type":"WebPage","@id":"https:\/\/readunit.com\/da\/om-readunit-softwareudviklingsvirksomhed\/","url":"https:\/\/readunit.com\/da\/om-readunit-softwareudviklingsvirksomhed\/","name":"Om Readunit","isPartOf":{"@id":"https:\/\/readunit.com\/da\/#website"},"datePublished":"2025-05-05T08:43:59+00:00","dateModified":"2025-05-12T09:21:49+00:00","description":"Readunit er en softwareudviklingsvirksomhed indenfor vedligeholdelse, lovpligtige eftersyn mm.","breadcrumb":{"@id":"https:\/\/readunit.com\/da\/om-readunit-softwareudviklingsvirksomhed\/#breadcrumb"},"inLanguage":"da-DK","potentialAction":[{"@type":"ReadAction","target":["https:\/\/readunit.com\/da\/om-readunit-softwareudviklingsvirksomhed\/"]}]},{"@type":"BreadcrumbList","@id":"https:\/\/readunit.com\/da\/om-readunit-softwareudviklingsvirksomhed\/#breadcrumb","itemListElement":[{"@type":"ListItem","position":1,"name":"Home","item":"https:\/\/readunit.com\/da\/"},{"@type":"ListItem","position":2,"name":"About us"}]},{"@type":"WebSite","@id":"https:\/\/readunit.com\/da\/#website","url":"https:\/\/readunit.com\/da\/","name":"Readunit","description":"Tool management and inspection","publisher":{"@id":"https:\/\/readunit.com\/da\/#organization"},"potentialAction":[{"@type":"SearchAction","target":{"@type":"EntryPoint","urlTemplate":"https:\/\/readunit.com\/da\/?s={search_term_string}"},"query-input":{"@type":"PropertyValueSpecification","valueRequired":true,"valueName":"search_term_string"}}],"inLanguage":"da-DK"},{"@type":"Organization","@id":"https:\/\/readunit.com\/da\/#organization","name":"Readunit","url":"https:\/\/readunit.com\/da\/","logo":{"@type":"ImageObject","inLanguage":"da-DK","@id":"https:\/\/readunit.com\/da\/#\/schema\/logo\/image\/","url":"https:\/\/readunit.com\/wp-content\/uploads\/2021\/05\/readunit_logo_header_fv.png","contentUrl":"https:\/\/readunit.com\/wp-content\/uploads\/2021\/05\/readunit_logo_header_fv.png","width":132,"height":26,"caption":"Readunit"},"image":{"@id":"https:\/\/readunit.com\/da\/#\/schema\/logo\/image\/"}}]}},"_links":{"self":[{"href":"https:\/\/readunit.com\/da\/wp-json\/wp\/v2\/pages\/10442","targetHints":{"allow":["GET"]}}],"collection":[{"href":"https:\/\/readunit.com\/da\/wp-json\/wp\/v2\/pages"}],"about":[{"href":"https:\/\/readunit.com\/da\/wp-json\/wp\/v2\/types\/page"}],"author":[{"embeddable":true,"href":"https:\/\/readunit.com\/da\/wp-json\/wp\/v2\/users\/7"}],"replies":[{"embeddable":true,"href":"https:\/\/readunit.com\/da\/wp-json\/wp\/v2\/comments?post=10442"}],"version-history":[{"count":24,"href":"https:\/\/readunit.com\/da\/wp-json\/wp\/v2\/pages\/10442\/revisions"}],"predecessor-version":[{"id":11008,"href":"https:\/\/readunit.com\/da\/wp-json\/wp\/v2\/pages\/10442\/revisions\/11008"}],"wp:attachment":[{"href":"https:\/\/readunit.com\/da\/wp-json\/wp\/v2\/media?parent=10442"}],"curies":[{"name":"wp","href":"https:\/\/api.w.org\/{rel}","templated":true}]}}