{"id":10494,"date":"2025-05-06T04:25:11","date_gmt":"2025-05-06T03:25:11","guid":{"rendered":"http:\/\/readunit.test\/?page_id=10494"},"modified":"2025-05-12T10:42:57","modified_gmt":"2025-05-12T09:42:57","slug":"it-krav","status":"publish","type":"page","link":"https:\/\/readunit.com\/da\/it-krav\/","title":{"rendered":"IT-krav"},"content":{"rendered":"<p>[et_pb_section fb_built=&#8221;1&#8243; custom_padding_last_edited=&#8221;on|desktop&#8221; module_class=&#8221;banner-height-section&#8221; _builder_version=&#8221;4.21.0&#8243; background_image=&#8221;https:\/\/readunit.com\/wp-content\/uploads\/2023\/04\/hardware_req.jpg&#8221; custom_padding=&#8221;120px||161px||false|false&#8221; custom_padding_tablet=&#8221;90px||90px|&#8221; custom_padding_phone=&#8221;&#8221; ab_subject=&#8221;on&#8221; ab_subject_id=&#8221;1&#8243; global_colors_info=&#8221;{}&#8221;][et_pb_row _builder_version=&#8221;4.21.0&#8243; background_size=&#8221;initial&#8221; background_position=&#8221;top_left&#8221; background_repeat=&#8221;repeat&#8221; custom_padding=&#8221;120px|0||0px|false|false&#8221; global_colors_info=&#8221;{}&#8221;][et_pb_column type=&#8221;4_4&#8243; _builder_version=&#8221;4.16&#8243; custom_padding=&#8221;|||&#8221; global_colors_info=&#8221;{}&#8221; custom_padding__hover=&#8221;|||&#8221;][et_pb_text admin_label=&#8221;Header&#8221; _builder_version=&#8221;4.23.4&#8243; text_font=&#8221;Roboto Condensed|300|||||||&#8221; text_text_color=&#8221;rgba(213,218,222,0.46)&#8221; text_font_size=&#8221;17px&#8221; text_line_height=&#8221;2em&#8221; header_font=&#8221;|300|||||||&#8221; header_font_size=&#8221;40px&#8221; header_line_height=&#8221;1.4em&#8221; header_2_font_size=&#8221;30px&#8221; background_position=&#8221;bottom_center&#8221; text_orientation=&#8221;center&#8221; background_layout=&#8221;dark&#8221; max_width=&#8221;90%&#8221; max_width_tablet=&#8221;&#8221; max_width_phone=&#8221;100%&#8221; max_width_last_edited=&#8221;on|phone&#8221; module_alignment=&#8221;center&#8221; text_font_size_tablet=&#8221;&#8221; text_font_size_phone=&#8221;&#8221; text_font_size_last_edited=&#8221;on|desktop&#8221; header_font_size_tablet=&#8221;30px&#8221; header_font_size_phone=&#8221;&#8221; header_font_size_last_edited=&#8221;on|desktop&#8221; locked=&#8221;off&#8221; global_colors_info=&#8221;{}&#8221;]<\/p>\n<h1>READ<strong>UNIT<\/strong> IT-krav<\/h1>\n<p> [\/et_pb_text][et_pb_text admin_label=&#8221;Header&#8221; _builder_version=&#8221;4.23.4&#8243; text_font=&#8221;Roboto Condensed|300|||||||&#8221; text_text_color=&#8221;rgba(213,218,222,0.46)&#8221; text_font_size=&#8221;17px&#8221; text_line_height=&#8221;2em&#8221; header_font=&#8221;|300|||||||&#8221; header_font_size=&#8221;40px&#8221; header_line_height=&#8221;1.4em&#8221; header_2_font_size=&#8221;30px&#8221; background_position=&#8221;bottom_center&#8221; text_orientation=&#8221;center&#8221; background_layout=&#8221;dark&#8221; max_width=&#8221;90%&#8221; max_width_tablet=&#8221;&#8221; max_width_phone=&#8221;100%&#8221; max_width_last_edited=&#8221;on|phone&#8221; module_alignment=&#8221;center&#8221; text_font_size_tablet=&#8221;&#8221; text_font_size_phone=&#8221;&#8221; text_font_size_last_edited=&#8221;on|desktop&#8221; header_font_size_tablet=&#8221;30px&#8221; header_font_size_phone=&#8221;&#8221; header_font_size_last_edited=&#8221;on|desktop&#8221; locked=&#8221;off&#8221; global_colors_info=&#8221;{}&#8221;]<\/p>\n<div class=\"style-bar style-bar-centered\"><\/div>\n<p>[\/et_pb_text][\/et_pb_column][\/et_pb_row][\/et_pb_section][et_pb_section fb_built=&#8221;1&#8243; _builder_version=&#8221;4.21.0&#8243; _module_preset=&#8221;default&#8221; custom_padding=&#8221;84px||258px|||&#8221; global_colors_info=&#8221;{}&#8221;][et_pb_row column_structure=&#8221;1_2,1_2&#8243; _builder_version=&#8221;4.21.0&#8243; _module_preset=&#8221;default&#8221; custom_margin=&#8221;-3px|auto||auto||&#8221; global_colors_info=&#8221;{}&#8221;][et_pb_column type=&#8221;1_2&#8243; _builder_version=&#8221;4.25.0&#8243; _module_preset=&#8221;default&#8221; global_colors_info=&#8221;{}&#8221;][et_pb_text admin_label=&#8221;Support text&#8221; _builder_version=&#8221;4.23.4&#8243; text_font=&#8221;|300|||||||&#8221; text_line_height=&#8221;1.4em&#8221; header_3_font=&#8221;Roboto Condensed||||||||&#8221; header_3_font_size=&#8221;24px&#8221; header_3_line_height=&#8221;1.4em&#8221; text_orientation=&#8221;justified&#8221; min_height=&#8221;239.8px&#8221; custom_margin=&#8221;1px||11px||false|false&#8221; custom_padding=&#8221;0px||0px||false|false&#8221; inline_fonts=&#8221;Nunito Sans&#8221; global_colors_info=&#8221;{}&#8221;]<\/p>\n<h2 style=\"text-align: left;\"><span style=\"font-weight: normal; font-size: x-large;\"><strong><span style=\"color: #000000;\">Hardware \/ Software krav<\/span><\/strong><\/span><\/h2>\n<ul style=\"text-align: left;\">\n<li>\n<h2><span style=\"font-size: medium; color: #000000; font-weight: normal;\"><strong>Apple iOS17.2 eller senere\u00a0 \u00a0 <\/strong><\/span><\/h2>\n<\/li>\n<li>\n<h2><span style=\"font-size: medium; color: #000000; font-weight: normal;\"><strong>Android 10 eller nyere<\/strong><\/span><\/h2>\n<\/li>\n<\/ul>\n<p style=\"text-align: left;\"><span style=\"font-weight: normal; font-size: medium; color: #000000;\">Vi supportere kun Apple og Samsung telefoner.<\/span><\/p>\n<p style=\"text-align: left;\"><span style=\"font-weight: normal; font-size: medium; color: #000000;\">Readunits app supporteres ikke hvis mobile enheder har \u00e6ldre operativ systemer end dem som er listet<\/span><span style=\"font-weight: normal; font-size: medium; color: #000000;\">Anden hardware vil muligvis fungere med Readunit&#8217;s app, men vi garantere kun fuld funktionalitet p\u00e5 de navngivende enheder.<\/span><\/p>\n<p>[\/et_pb_text][et_pb_text admin_label=&#8221;Support text&#8221; _builder_version=&#8221;4.23.4&#8243; text_font=&#8221;|300|||||||&#8221; text_line_height=&#8221;1.4em&#8221; header_3_font=&#8221;Roboto Condensed||||||||&#8221; header_3_font_size=&#8221;24px&#8221; header_3_line_height=&#8221;1.4em&#8221; text_orientation=&#8221;justified&#8221; min_height=&#8221;117.8px&#8221; custom_margin=&#8221;1px||10px||false|false&#8221; custom_padding=&#8221;16px||0px||false|false&#8221; inline_fonts=&#8221;Nunito Sans&#8221; global_colors_info=&#8221;{}&#8221;]<\/p>\n<h2 style=\"text-align: left;\"><span style=\"font-weight: normal; font-size: x-large;\"><strong><span style=\"color: #000000;\">Adobe Acrobat Reader<\/span><\/strong><\/span><\/h2>\n<p style=\"text-align: left;\"><span style=\"font-weight: normal; font-size: medium; color: #000000;\">N\u00e5r der skal printes labels eller certifikater, skal de downloadede PDF filer altid \u00e5bnes med Adobe Acrobat Reader.<br \/>Brug ikke den indbyggede PDF reader i din browser, det kan resultere i, at udskrifterne ikke vises korrekt p\u00e5 labels eller papir.<\/span><\/p>\n<p>Link til adobe acrobat reader :\u00a0 https:\/\/get.adobe.com\/dk\/reader\/<\/p>\n<p>&nbsp;<\/p>\n<p>[\/et_pb_text][et_pb_text admin_label=&#8221;Support text&#8221; _builder_version=&#8221;4.23.4&#8243; text_font=&#8221;|300|||||||&#8221; text_line_height=&#8221;1.4em&#8221; header_3_font=&#8221;Roboto Condensed||||||||&#8221; header_3_font_size=&#8221;24px&#8221; header_3_line_height=&#8221;1.4em&#8221; text_orientation=&#8221;justified&#8221; min_height=&#8221;117.8px&#8221; custom_margin=&#8221;1px||10px||false|false&#8221; custom_padding=&#8221;16px||0px||false|false&#8221; inline_fonts=&#8221;Nunito Sans&#8221; global_colors_info=&#8221;{}&#8221;]<\/p>\n<h2 style=\"text-align: left;\"><span style=\"font-weight: normal; font-size: x-large;\"><strong><span style=\"color: #000000;\">Firewall protection<\/span><\/strong><\/span><\/h2>\n<p style=\"text-align: left;\"><span style=\"font-weight: normal; font-size: medium; color: #000000;\">For at opretholde det st\u00f8rst mulig niveau af driftssikkerhed er trafik fra udvalgte lande blokeret i vores firewall. Oplever du at Readunit ikke kan logge p\u00e5 i et specifikt land skal du kontakte os p\u00e5 support@readunit.com<\/span><\/p>\n<p>&nbsp;<\/p>\n<p>[\/et_pb_text][et_pb_text admin_label=&#8221;Support text&#8221; _builder_version=&#8221;4.23.4&#8243; text_font=&#8221;|300|||||||&#8221; text_line_height=&#8221;1.4em&#8221; header_3_font=&#8221;Roboto Condensed||||||||&#8221; header_3_font_size=&#8221;24px&#8221; header_3_line_height=&#8221;1.4em&#8221; text_orientation=&#8221;justified&#8221; min_height=&#8221;121.8px&#8221; custom_margin=&#8221;1px||2px||false|false&#8221; custom_padding=&#8221;0px||70px||false|false&#8221; inline_fonts=&#8221;Nunito Sans&#8221; global_colors_info=&#8221;{}&#8221;]<\/p>\n<h2 style=\"text-align: left;\"><span style=\"font-weight: normal; font-size: x-large;\"><strong><span style=\"color: #000000;\">Label Printers<\/span><\/strong><\/span><\/h2>\n<p style=\"text-align: left;\"><span style=\"font-size: 14px; text-align: justify;\"><span style=\"font-weight: normal; font-size: medium; color: #000000;\"><span>Readunit ud\u00f8ver kun support p\u00e5 labelprintere som er indk\u00f8bt og leveret af readunit. Det samme g\u00e6lder labels i forskellige formater. Alle label printere skal som minimum kunne udskrive i 300dpi<\/span><\/span><\/span><\/p>\n<p>[\/et_pb_text][\/et_pb_column][et_pb_column type=&#8221;1_2&#8243; _builder_version=&#8221;4.25.0&#8243; _module_preset=&#8221;default&#8221; global_colors_info=&#8221;{}&#8221;][et_pb_image src=&#8221;https:\/\/readunit.com\/wp-content\/uploads\/2024\/07\/readunit_ipad-896&#215;1024.png&#8221; title_text=&#8221;readunit_ipad&#8221; _builder_version=&#8221;4.25.0&#8243; _module_preset=&#8221;default&#8221; custom_padding=&#8221;0px|||||&#8221; border_radii=&#8221;on|15px|15px|15px|15px&#8221; global_colors_info=&#8221;{}&#8221;][\/et_pb_image][\/et_pb_column][\/et_pb_row][\/et_pb_section]<\/p>\n","protected":false},"excerpt":{"rendered":"<p>READUNIT IT-krav Hardware \/ Software krav Apple iOS17.2 eller senere\u00a0 \u00a0 Android 10 eller nyere Vi supportere kun Apple og Samsung telefoner. Readunits app supporteres ikke hvis mobile enheder har \u00e6ldre operativ systemer end dem som er listetAnden hardware vil muligvis fungere med Readunit&#8217;s app, men vi garantere kun fuld funktionalitet p\u00e5 de navngivende enheder.Adobe [&hellip;]<\/p>\n","protected":false},"author":8,"featured_media":0,"parent":0,"menu_order":0,"comment_status":"closed","ping_status":"closed","template":"","meta":{"_acf_changed":false,"_et_pb_use_builder":"on","_et_pb_old_content":"[et_pb_section fb_built=\"1\" custom_padding_last_edited=\"on|desktop\" module_class=\"banner-height-section\" _builder_version=\"4.21.0\" background_image=\"https:\/\/readunit.com\/wp-content\/uploads\/2023\/04\/hardware_req.jpg\" custom_padding=\"120px||161px||false|false\" custom_padding_tablet=\"90px||90px|\" custom_padding_phone=\"\" ab_subject=\"on\" ab_subject_id=\"1\" global_colors_info=\"{}\"][et_pb_row _builder_version=\"4.21.0\" background_size=\"initial\" background_position=\"top_left\" background_repeat=\"repeat\" custom_padding=\"120px|0||0px|false|false\" global_colors_info=\"{}\"][et_pb_column type=\"4_4\" _builder_version=\"4.16\" custom_padding=\"|||\" global_colors_info=\"{}\" custom_padding__hover=\"|||\"][et_pb_text admin_label=\"Header\" _builder_version=\"4.21.0\" text_font=\"Roboto Condensed|300|||||||\" text_text_color=\"rgba(213,218,222,0.46)\" text_font_size=\"17px\" text_line_height=\"2em\" header_font=\"|300|||||||\" header_font_size=\"40px\" header_line_height=\"1.4em\" header_2_font_size=\"30px\" background_position=\"bottom_center\" text_orientation=\"center\" background_layout=\"dark\" max_width=\"90%\" max_width_tablet=\"\" max_width_phone=\"100%\" max_width_last_edited=\"on|phone\" module_alignment=\"center\" text_font_size_tablet=\"\" text_font_size_phone=\"\" text_font_size_last_edited=\"on|desktop\" header_font_size_tablet=\"30px\" header_font_size_phone=\"\" header_font_size_last_edited=\"on|desktop\" locked=\"off\" global_colors_info=\"{}\"]<h1>READ<strong>UNIT<\/strong> IT requirements<\/h1>[\/et_pb_text][et_pb_text admin_label=\"Header\" _builder_version=\"4.21.0\" text_font=\"Roboto Condensed|300|||||||\" text_text_color=\"rgba(213,218,222,0.46)\" text_font_size=\"17px\" text_line_height=\"2em\" header_font=\"|300|||||||\" header_font_size=\"40px\" header_line_height=\"1.4em\" header_2_font_size=\"30px\" background_position=\"bottom_center\" text_orientation=\"center\" background_layout=\"dark\" max_width=\"90%\" max_width_tablet=\"\" max_width_phone=\"100%\" max_width_last_edited=\"on|phone\" module_alignment=\"center\" text_font_size_tablet=\"\" text_font_size_phone=\"\" text_font_size_last_edited=\"on|desktop\" header_font_size_tablet=\"30px\" header_font_size_phone=\"\" header_font_size_last_edited=\"on|desktop\" locked=\"off\" global_colors_info=\"{}\"]<div class=\"style-bar style-bar-centered\"><\/div>[\/et_pb_text][\/et_pb_column][\/et_pb_row][\/et_pb_section][et_pb_section fb_built=\"1\" _builder_version=\"4.21.0\" _module_preset=\"default\" custom_padding=\"84px||258px|||\" global_colors_info=\"{}\"][et_pb_row column_structure=\"1_2,1_2\" _builder_version=\"4.21.0\" _module_preset=\"default\" custom_margin=\"-3px|auto||auto||\" global_colors_info=\"{}\"][et_pb_column type=\"1_2\" _builder_version=\"4.25.0\" _module_preset=\"default\" global_colors_info=\"{}\"][et_pb_text admin_label=\"Support text\" _builder_version=\"4.25.0\" text_font=\"|300|||||||\" text_line_height=\"1.4em\" header_3_font=\"Roboto Condensed||||||||\" header_3_font_size=\"24px\" header_3_line_height=\"1.4em\" text_orientation=\"justified\" min_height=\"239.8px\" custom_margin=\"1px||11px||false|false\" custom_padding=\"0px||0px||false|false\" inline_fonts=\"Nunito Sans\" global_colors_info=\"{}\"]<h2 style=\"text-align: left;\"><span style=\"font-weight: normal; font-size: x-large;\"><strong><span style=\"color: #000000;\">Hardware \/ Software requirements<\/span><\/strong><\/span><\/h2>\r\n<ul style=\"text-align: left;\">\r\n<li>\r\n<h2><span style=\"font-size: medium; color: #000000; font-weight: normal;\"><strong>Apple iOS 17.2 or later\u00a0 \u00a0 <\/strong><\/span><\/h2>\r\n<\/li>\r\n<li>\r\n<h2><span style=\"font-size: medium; color: #000000; font-weight: normal;\"><strong>Android 10 or later<\/strong><\/span><\/h2>\r\n<\/li>\r\n<\/ul>\r\n<p style=\"text-align: left;\"><span style=\"font-weight: normal; font-size: medium; color: #000000;\">We only support Apple and Samsung mobile phones.<\/span><\/p>\r\n<p style=\"text-align: left;\"><span style=\"font-weight: normal; font-size: medium; color: #000000;\">Readunit's app does not support older operating systems than the above versions.\u00a0<\/span><span style=\"font-weight: normal; font-size: medium; color: #000000;\">Other hardware may work with Readunit's app, but we only guarantee full functionality on the named devices.<\/span><\/p>[\/et_pb_text][et_pb_text admin_label=\"Support text\" _builder_version=\"4.25.0\" text_font=\"|300|||||||\" text_line_height=\"1.4em\" header_3_font=\"Roboto Condensed||||||||\" header_3_font_size=\"24px\" header_3_line_height=\"1.4em\" text_orientation=\"justified\" min_height=\"117.8px\" custom_margin=\"1px||10px||false|false\" custom_padding=\"16px||0px||false|false\" inline_fonts=\"Nunito Sans\" global_colors_info=\"{}\"]<h2 style=\"text-align: left;\"><span style=\"font-weight: normal; font-size: x-large;\"><strong><span style=\"color: #000000;\">Adobe Acrobat Reader<\/span><\/strong><\/span><\/h2>\r\n<p style=\"text-align: left;\"><span style=\"font-weight: normal; font-size: medium; color: #000000;\">When labels or certificates are to be printed, the downloaded PDF files must always be opened with Adobe Acrobat Reader.<br \/>Do not use the built-in PDF reader in your browser, this may result in the printouts not appearing correctly on labels or paper.<\/span><\/p>\r\n<p>Link to Adobe Reader:\u00a0 https:\/\/get.adobe.com\/dk\/reader\/<\/p>\r\n<p>\u00a0<\/p>[\/et_pb_text][et_pb_text admin_label=\"Support text\" _builder_version=\"4.25.0\" text_font=\"|300|||||||\" text_line_height=\"1.4em\" header_3_font=\"Roboto Condensed||||||||\" header_3_font_size=\"24px\" header_3_line_height=\"1.4em\" text_orientation=\"justified\" min_height=\"117.8px\" custom_margin=\"1px||10px||false|false\" custom_padding=\"16px||0px||false|false\" inline_fonts=\"Nunito Sans\" global_colors_info=\"{}\"]<h2 style=\"text-align: left;\"><span style=\"font-weight: normal; font-size: x-large;\"><strong><span style=\"color: #000000;\">Firewall protection<\/span><\/strong><\/span><\/h2>\r\n<p style=\"text-align: left;\"><span style=\"font-weight: normal; font-size: medium; color: #000000;\">To maintain the greatest possible level of operational security, traffic from selected countries is blocked in our firewall. If you find that Readunit cannot log in in a specific country, please contact us at support@readunit.com<\/span><\/p>\r\n<p>\u00a0<\/p>[\/et_pb_text][et_pb_text admin_label=\"Support text\" _builder_version=\"4.25.0\" text_font=\"|300|||||||\" text_line_height=\"1.4em\" header_3_font=\"Roboto Condensed||||||||\" header_3_font_size=\"24px\" header_3_line_height=\"1.4em\" text_orientation=\"justified\" min_height=\"121.8px\" custom_margin=\"1px||2px||false|false\" custom_padding=\"0px||70px||false|false\" inline_fonts=\"Nunito Sans\" global_colors_info=\"{}\"]<h2 style=\"text-align: left;\"><span style=\"font-weight: normal; font-size: x-large;\"><strong><span style=\"color: #000000;\">Label Printers<\/span><\/strong><\/span><\/h2>\r\n<p style=\"text-align: left;\"><span style=\"font-size: 14px; text-align: justify;\"><span style=\"font-weight: normal; font-size: medium; color: #000000;\"><span>Readunit only supports label printers purchased and delivered by readunit. The same applies to labels in different formats. All label printers must be able to print at least 300dpi<\/span><\/span><\/span><\/p>[\/et_pb_text][\/et_pb_column][et_pb_column type=\"1_2\" _builder_version=\"4.25.0\" _module_preset=\"default\" global_colors_info=\"{}\"][et_pb_image src=\"https:\/\/readunit.com\/wp-content\/uploads\/2024\/07\/readunit_ipad-896x1024.png\" title_text=\"readunit_ipad\" _builder_version=\"4.25.0\" _module_preset=\"default\" custom_padding=\"0px|||||\" border_radii=\"on|15px|15px|15px|15px\" global_colors_info=\"{}\"][\/et_pb_image][\/et_pb_column][\/et_pb_row][\/et_pb_section]","_et_gb_content_width":"","inline_featured_image":false,"footnotes":""},"class_list":["post-10494","page","type-page","status-publish","hentry"],"acf":[],"yoast_head":"<!-- This site is optimized with the Yoast SEO plugin v26.0 - https:\/\/yoast.com\/wordpress\/plugins\/seo\/ -->\n<title>IT Requirements for using the Readunit app<\/title>\n<meta name=\"description\" content=\"Hardware\/software: Apple and Samsung phones\/tablets: Apple IOS 13 or newer, Android 10 or newer. We don\u2019t support lover versions due to...\" \/>\n<meta name=\"robots\" content=\"index, follow, max-snippet:-1, max-image-preview:large, max-video-preview:-1\" \/>\n<link rel=\"canonical\" href=\"https:\/\/readunit.com\/da\/it-krav\/\" \/>\n<meta property=\"og:locale\" content=\"da_DK\" \/>\n<meta property=\"og:type\" content=\"article\" \/>\n<meta property=\"og:title\" content=\"IT Requirements for using the Readunit app\" \/>\n<meta property=\"og:description\" content=\"Hardware\/software: Apple and Samsung phones\/tablets: Apple IOS 13 or newer, Android 10 or newer. We don\u2019t support lover versions due to...\" \/>\n<meta property=\"og:url\" content=\"https:\/\/readunit.com\/da\/it-krav\/\" \/>\n<meta property=\"og:site_name\" content=\"Readunit\" \/>\n<meta property=\"article:modified_time\" content=\"2025-05-12T09:42:57+00:00\" \/>\n<meta name=\"twitter:card\" content=\"summary_large_image\" \/>\n<meta name=\"twitter:label1\" content=\"Estimeret l\u00e6setid\" \/>\n\t<meta name=\"twitter:data1\" content=\"1 minut\" \/>\n<script type=\"application\/ld+json\" class=\"yoast-schema-graph\">{\"@context\":\"https:\/\/schema.org\",\"@graph\":[{\"@type\":\"WebPage\",\"@id\":\"https:\/\/readunit.com\/da\/it-krav\/\",\"url\":\"https:\/\/readunit.com\/da\/it-krav\/\",\"name\":\"IT Requirements for using the Readunit app\",\"isPartOf\":{\"@id\":\"https:\/\/readunit.com\/da\/#website\"},\"datePublished\":\"2025-05-06T03:25:11+00:00\",\"dateModified\":\"2025-05-12T09:42:57+00:00\",\"description\":\"Hardware\/software: Apple and Samsung phones\/tablets: Apple IOS 13 or newer, Android 10 or newer. We don\u2019t support lover versions due to...\",\"breadcrumb\":{\"@id\":\"https:\/\/readunit.com\/da\/it-krav\/#breadcrumb\"},\"inLanguage\":\"da-DK\",\"potentialAction\":[{\"@type\":\"ReadAction\",\"target\":[\"https:\/\/readunit.com\/da\/it-krav\/\"]}]},{\"@type\":\"BreadcrumbList\",\"@id\":\"https:\/\/readunit.com\/da\/it-krav\/#breadcrumb\",\"itemListElement\":[{\"@type\":\"ListItem\",\"position\":1,\"name\":\"Home\",\"item\":\"https:\/\/readunit.com\/da\/\"},{\"@type\":\"ListItem\",\"position\":2,\"name\":\"IT-krav\"}]},{\"@type\":\"WebSite\",\"@id\":\"https:\/\/readunit.com\/da\/#website\",\"url\":\"https:\/\/readunit.com\/da\/\",\"name\":\"Readunit\",\"description\":\"Tool management and inspection\",\"publisher\":{\"@id\":\"https:\/\/readunit.com\/da\/#organization\"},\"potentialAction\":[{\"@type\":\"SearchAction\",\"target\":{\"@type\":\"EntryPoint\",\"urlTemplate\":\"https:\/\/readunit.com\/da\/?s={search_term_string}\"},\"query-input\":{\"@type\":\"PropertyValueSpecification\",\"valueRequired\":true,\"valueName\":\"search_term_string\"}}],\"inLanguage\":\"da-DK\"},{\"@type\":\"Organization\",\"@id\":\"https:\/\/readunit.com\/da\/#organization\",\"name\":\"Readunit\",\"url\":\"https:\/\/readunit.com\/da\/\",\"logo\":{\"@type\":\"ImageObject\",\"inLanguage\":\"da-DK\",\"@id\":\"https:\/\/readunit.com\/da\/#\/schema\/logo\/image\/\",\"url\":\"https:\/\/readunit.com\/wp-content\/uploads\/2021\/05\/readunit_logo_header_fv.png\",\"contentUrl\":\"https:\/\/readunit.com\/wp-content\/uploads\/2021\/05\/readunit_logo_header_fv.png\",\"width\":132,\"height\":26,\"caption\":\"Readunit\"},\"image\":{\"@id\":\"https:\/\/readunit.com\/da\/#\/schema\/logo\/image\/\"}}]}<\/script>\n<!-- \/ Yoast SEO plugin. -->","yoast_head_json":{"title":"IT Requirements for using the Readunit app","description":"Hardware\/software: Apple and Samsung phones\/tablets: Apple IOS 13 or newer, Android 10 or newer. We don\u2019t support lover versions due to...","robots":{"index":"index","follow":"follow","max-snippet":"max-snippet:-1","max-image-preview":"max-image-preview:large","max-video-preview":"max-video-preview:-1"},"canonical":"https:\/\/readunit.com\/da\/it-krav\/","og_locale":"da_DK","og_type":"article","og_title":"IT Requirements for using the Readunit app","og_description":"Hardware\/software: Apple and Samsung phones\/tablets: Apple IOS 13 or newer, Android 10 or newer. We don\u2019t support lover versions due to...","og_url":"https:\/\/readunit.com\/da\/it-krav\/","og_site_name":"Readunit","article_modified_time":"2025-05-12T09:42:57+00:00","twitter_card":"summary_large_image","twitter_misc":{"Estimeret l\u00e6setid":"1 minut"},"schema":{"@context":"https:\/\/schema.org","@graph":[{"@type":"WebPage","@id":"https:\/\/readunit.com\/da\/it-krav\/","url":"https:\/\/readunit.com\/da\/it-krav\/","name":"IT Requirements for using the Readunit app","isPartOf":{"@id":"https:\/\/readunit.com\/da\/#website"},"datePublished":"2025-05-06T03:25:11+00:00","dateModified":"2025-05-12T09:42:57+00:00","description":"Hardware\/software: Apple and Samsung phones\/tablets: Apple IOS 13 or newer, Android 10 or newer. We don\u2019t support lover versions due to...","breadcrumb":{"@id":"https:\/\/readunit.com\/da\/it-krav\/#breadcrumb"},"inLanguage":"da-DK","potentialAction":[{"@type":"ReadAction","target":["https:\/\/readunit.com\/da\/it-krav\/"]}]},{"@type":"BreadcrumbList","@id":"https:\/\/readunit.com\/da\/it-krav\/#breadcrumb","itemListElement":[{"@type":"ListItem","position":1,"name":"Home","item":"https:\/\/readunit.com\/da\/"},{"@type":"ListItem","position":2,"name":"IT-krav"}]},{"@type":"WebSite","@id":"https:\/\/readunit.com\/da\/#website","url":"https:\/\/readunit.com\/da\/","name":"Readunit","description":"Tool management and inspection","publisher":{"@id":"https:\/\/readunit.com\/da\/#organization"},"potentialAction":[{"@type":"SearchAction","target":{"@type":"EntryPoint","urlTemplate":"https:\/\/readunit.com\/da\/?s={search_term_string}"},"query-input":{"@type":"PropertyValueSpecification","valueRequired":true,"valueName":"search_term_string"}}],"inLanguage":"da-DK"},{"@type":"Organization","@id":"https:\/\/readunit.com\/da\/#organization","name":"Readunit","url":"https:\/\/readunit.com\/da\/","logo":{"@type":"ImageObject","inLanguage":"da-DK","@id":"https:\/\/readunit.com\/da\/#\/schema\/logo\/image\/","url":"https:\/\/readunit.com\/wp-content\/uploads\/2021\/05\/readunit_logo_header_fv.png","contentUrl":"https:\/\/readunit.com\/wp-content\/uploads\/2021\/05\/readunit_logo_header_fv.png","width":132,"height":26,"caption":"Readunit"},"image":{"@id":"https:\/\/readunit.com\/da\/#\/schema\/logo\/image\/"}}]}},"_links":{"self":[{"href":"https:\/\/readunit.com\/da\/wp-json\/wp\/v2\/pages\/10494","targetHints":{"allow":["GET"]}}],"collection":[{"href":"https:\/\/readunit.com\/da\/wp-json\/wp\/v2\/pages"}],"about":[{"href":"https:\/\/readunit.com\/da\/wp-json\/wp\/v2\/types\/page"}],"author":[{"embeddable":true,"href":"https:\/\/readunit.com\/da\/wp-json\/wp\/v2\/users\/8"}],"replies":[{"embeddable":true,"href":"https:\/\/readunit.com\/da\/wp-json\/wp\/v2\/comments?post=10494"}],"version-history":[{"count":5,"href":"https:\/\/readunit.com\/da\/wp-json\/wp\/v2\/pages\/10494\/revisions"}],"predecessor-version":[{"id":10767,"href":"https:\/\/readunit.com\/da\/wp-json\/wp\/v2\/pages\/10494\/revisions\/10767"}],"wp:attachment":[{"href":"https:\/\/readunit.com\/da\/wp-json\/wp\/v2\/media?parent=10494"}],"curies":[{"name":"wp","href":"https:\/\/api.w.org\/{rel}","templated":true}]}}